{"id":2,"date":"2025-08-23T14:07:24","date_gmt":"2025-08-23T14:07:24","guid":{"rendered":"http:\/\/sommeil-zen.fr\/?page_id=2"},"modified":"2025-08-25T02:48:11","modified_gmt":"2025-08-25T02:48:11","slug":"sample-page","status":"publish","type":"page","link":"https:\/\/sommeil-zen.fr\/","title":{"rendered":"Accueil"},"content":{"rendered":"\t\t<div data-elementor-type=\"wp-page\" data-elementor-id=\"2\" class=\"elementor elementor-2\">\n\t\t\t\t<div class=\"elementor-element elementor-element-9e05d3c e-flex e-con-boxed e-con e-parent\" data-id=\"9e05d3c\" data-element_type=\"container\">\n\t\t\t\t\t<div class=\"e-con-inner\">\n\t\t<div class=\"elementor-element elementor-element-42368b5 e-con-full e-flex e-con e-child\" data-id=\"42368b5\" data-element_type=\"container\" data-settings=\"{&quot;background_background&quot;:&quot;classic&quot;}\">\n\t\t\t\t<div class=\"elementor-element elementor-element-4a9c553 elementor-widget__width-initial elementor-widget elementor-widget-heading\" data-id=\"4a9c553\" data-element_type=\"widget\" data-widget_type=\"heading.default\">\n\t\t\t\t\t<h2 class=\"elementor-heading-title elementor-size-default\">Sommeil Zen : \n5 astuces simples <br>pour mieux dormir d\u00e8s aujourd'hui<\/h2>\t\t\t\t<\/div>\n\t\t\t\t<div class=\"elementor-element elementor-element-7253515 elementor-align-center elementor-widget__width-initial elementor-widget elementor-widget-button\" data-id=\"7253515\" data-element_type=\"widget\" data-widget_type=\"button.default\">\n\t\t\t\t\t\t\t\t\t\t<a class=\"elementor-button elementor-button-link elementor-size-sm\" href=\"https:\/\/sommeil-zen.fr?download=159&#038;tmstv=1756090048\" target=\"_blank\" rel=\"nofollow\">\n\t\t\t\t\t\t<span class=\"elementor-button-content-wrapper\">\n\t\t\t\t\t\t\t\t\t<span class=\"elementor-button-text\">\ud83d\udcf1 T\u00e9l\u00e9charger le Guide (PDF)<\/span>\n\t\t\t\t\t<\/span>\n\t\t\t\t\t<\/a>\n\t\t\t\t\t\t\t\t<\/div>\n\t\t\t\t<div class=\"elementor-element elementor-element-79e918a elementor-align-center elementor-widget__width-initial elementor-widget elementor-widget-button\" data-id=\"79e918a\" data-element_type=\"widget\" data-widget_type=\"button.default\">\n\t\t\t\t\t\t\t\t\t\t<a class=\"elementor-button elementor-button-link elementor-size-sm\" href=\"https:\/\/sommeil-zen.fr\/wp-content\/uploads\/2025\/08\/Votre_Guide_Sommeil_Zen.pdf\" target=\"_blank\" rel=\"nofollow\">\n\t\t\t\t\t\t<span class=\"elementor-button-content-wrapper\">\n\t\t\t\t\t\t\t\t\t<span class=\"elementor-button-text\">\ud83d\udc49 Lire en ligne<\/span>\n\t\t\t\t\t<\/span>\n\t\t\t\t\t<\/a>\n\t\t\t\t\t\t\t\t<\/div>\n\t\t\t\t<div class=\"elementor-element elementor-element-4f2a5a4 elementor-widget__width-initial elementor-widget elementor-widget-heading\" data-id=\"4f2a5a4\" data-element_type=\"widget\" data-widget_type=\"heading.default\">\n\t\t\t\t\t<h2 class=\"elementor-heading-title elementor-size-default\">Am\u00e9liorez votre sommeil avec des conseils simples, naturels et efficaces.<\/h2>\t\t\t\t<\/div>\n\t\t\t\t<\/div>\n\t\t\t\t<div class=\"elementor-element elementor-element-1a4a403 elementor-widget elementor-widget-image\" data-id=\"1a4a403\" data-element_type=\"widget\" data-widget_type=\"image.default\">\n\t\t\t\t\t\t\t\t\t\t\t\t\t\t\t<img fetchpriority=\"high\" decoding=\"async\" width=\"800\" height=\"800\" src=\"https:\/\/sommeil-zen.fr\/wp-content\/uploads\/2025\/08\/Mockup-carre-iphone-1024x1024.png\" class=\"attachment-large size-large wp-image-141\" alt=\"\" srcset=\"https:\/\/sommeil-zen.fr\/wp-content\/uploads\/2025\/08\/Mockup-carre-iphone-1024x1024.png 1024w, https:\/\/sommeil-zen.fr\/wp-content\/uploads\/2025\/08\/Mockup-carre-iphone-300x300.png 300w, https:\/\/sommeil-zen.fr\/wp-content\/uploads\/2025\/08\/Mockup-carre-iphone-150x150.png 150w, https:\/\/sommeil-zen.fr\/wp-content\/uploads\/2025\/08\/Mockup-carre-iphone-768x768.png 768w, https:\/\/sommeil-zen.fr\/wp-content\/uploads\/2025\/08\/Mockup-carre-iphone.webp 1080w\" sizes=\"(max-width: 800px) 100vw, 800px\" \/>\t\t\t\t\t\t\t\t\t\t\t\t\t\t\t<\/div>\n\t\t\t\t\t<\/div>\n\t\t\t\t<\/div>\n\t\t<div class=\"elementor-element elementor-element-8ed0951 e-flex e-con-boxed e-con e-parent\" data-id=\"8ed0951\" data-element_type=\"container\" data-settings=\"{&quot;background_background&quot;:&quot;classic&quot;}\">\n\t\t\t\t\t<div class=\"e-con-inner\">\n\t\t<div class=\"elementor-element elementor-element-64eecf7 e-con-full e-flex e-con e-child\" data-id=\"64eecf7\" data-element_type=\"container\" data-settings=\"{&quot;background_background&quot;:&quot;classic&quot;}\">\n\t\t\t\t<div class=\"elementor-element elementor-element-4659162 elementor-widget elementor-widget-spacer\" data-id=\"4659162\" data-element_type=\"widget\" data-widget_type=\"spacer.default\">\n\t\t\t\t\t\t\t<div class=\"elementor-spacer\">\n\t\t\t<div class=\"elementor-spacer-inner\"><\/div>\n\t\t<\/div>\n\t\t\t\t\t\t<\/div>\n\t\t\t\t<div class=\"elementor-element elementor-element-b0d6636 elementor-widget elementor-widget-heading\" data-id=\"b0d6636\" data-element_type=\"widget\" data-widget_type=\"heading.default\">\n\t\t\t\t\t<h2 class=\"elementor-heading-title elementor-size-default\"><b>Pourquoi ce guide peut changer vos nuits ? <\/b><\/h2>\t\t\t\t<\/div>\n\t\t\t\t<div class=\"elementor-element elementor-element-02da877 elementor-widget elementor-widget-spacer\" data-id=\"02da877\" data-element_type=\"widget\" data-widget_type=\"spacer.default\">\n\t\t\t\t\t\t\t<div class=\"elementor-spacer\">\n\t\t\t<div class=\"elementor-spacer-inner\"><\/div>\n\t\t<\/div>\n\t\t\t\t\t\t<\/div>\n\t\t\t\t<div class=\"elementor-element elementor-element-e7f2ecc elementor-widget elementor-widget-text-editor\" data-id=\"e7f2ecc\" data-element_type=\"widget\" data-widget_type=\"text-editor.default\">\n\t\t\t\t\t\t\t\t\t<p>D\u00e9couvrez des m\u00e9thodes \u00e9prouv\u00e9es et faciles \u00e0 adopter pour retrouver un sommeil de qualit\u00e9 d\u00e8s aujourd&#8217;hui.\u00a0<\/p>\t\t\t\t\t\t\t\t<\/div>\n\t\t\t\t<\/div>\n\t\t<div class=\"elementor-element elementor-element-4901f57 e-con-full e-flex e-con e-child\" data-id=\"4901f57\" data-element_type=\"container\">\n\t\t\t\t<div class=\"elementor-element elementor-element-427d2a5 elementor-view-stacked elementor-shape-circle elementor-widget elementor-widget-icon\" data-id=\"427d2a5\" data-element_type=\"widget\" data-widget_type=\"icon.default\">\n\t\t\t\t\t\t\t<div class=\"elementor-icon-wrapper\">\n\t\t\t<div class=\"elementor-icon\">\n\t\t\t<svg aria-hidden=\"true\" class=\"e-font-icon-svg e-fas-moon\" viewBox=\"0 0 512 512\" xmlns=\"http:\/\/www.w3.org\/2000\/svg\"><path d=\"M283.211 512c78.962 0 151.079-35.925 198.857-94.792 7.068-8.708-.639-21.43-11.562-19.35-124.203 23.654-238.262-71.576-238.262-196.954 0-72.222 38.662-138.635 101.498-174.394 9.686-5.512 7.25-20.197-3.756-22.23A258.156 258.156 0 0 0 283.211 0c-141.309 0-256 114.511-256 256 0 141.309 114.511 256 256 256z\"><\/path><\/svg>\t\t\t<\/div>\n\t\t<\/div>\n\t\t\t\t\t\t<\/div>\n\t\t\t\t<div class=\"elementor-element elementor-element-5ff8e2a elementor-widget elementor-widget-text-editor\" data-id=\"5ff8e2a\" data-element_type=\"widget\" data-widget_type=\"text-editor.default\">\n\t\t\t\t\t\t\t\t\t<p>Astuces naturelles<\/p>\t\t\t\t\t\t\t\t<\/div>\n\t\t\t\t<\/div>\n\t\t<div class=\"elementor-element elementor-element-b68960a e-con-full e-flex e-con e-child\" data-id=\"b68960a\" data-element_type=\"container\">\n\t\t\t\t<div class=\"elementor-element elementor-element-ecfbee8 elementor-view-stacked elementor-shape-circle elementor-widget elementor-widget-icon\" data-id=\"ecfbee8\" data-element_type=\"widget\" data-widget_type=\"icon.default\">\n\t\t\t\t\t\t\t<div class=\"elementor-icon-wrapper\">\n\t\t\t<div class=\"elementor-icon\">\n\t\t\t<svg aria-hidden=\"true\" class=\"e-font-icon-svg e-fas-bed\" viewBox=\"0 0 640 512\" xmlns=\"http:\/\/www.w3.org\/2000\/svg\"><path d=\"M176 256c44.11 0 80-35.89 80-80s-35.89-80-80-80-80 35.89-80 80 35.89 80 80 80zm352-128H304c-8.84 0-16 7.16-16 16v144H64V80c0-8.84-7.16-16-16-16H16C7.16 64 0 71.16 0 80v352c0 8.84 7.16 16 16 16h32c8.84 0 16-7.16 16-16v-48h512v48c0 8.84 7.16 16 16 16h32c8.84 0 16-7.16 16-16V240c0-61.86-50.14-112-112-112z\"><\/path><\/svg>\t\t\t<\/div>\n\t\t<\/div>\n\t\t\t\t\t\t<\/div>\n\t\t\t\t<div class=\"elementor-element elementor-element-46d0d63 elementor-widget elementor-widget-text-editor\" data-id=\"46d0d63\" data-element_type=\"widget\" data-widget_type=\"text-editor.default\">\n\t\t\t\t\t\t\t\t\t<p>Produits s\u00e9lectionn\u00e9s<\/p>\t\t\t\t\t\t\t\t<\/div>\n\t\t\t\t<\/div>\n\t\t<div class=\"elementor-element elementor-element-b869fd6 e-con-full e-flex e-con e-child\" data-id=\"b869fd6\" data-element_type=\"container\">\n\t\t\t\t<div class=\"elementor-element elementor-element-c1ae2fe elementor-view-stacked elementor-shape-circle elementor-widget elementor-widget-icon\" data-id=\"c1ae2fe\" data-element_type=\"widget\" data-widget_type=\"icon.default\">\n\t\t\t\t\t\t\t<div class=\"elementor-icon-wrapper\">\n\t\t\t<div class=\"elementor-icon\">\n\t\t\t<svg aria-hidden=\"true\" class=\"e-font-icon-svg e-fab-creative-commons-nc-eu\" viewBox=\"0 0 496 512\" xmlns=\"http:\/\/www.w3.org\/2000\/svg\"><path d=\"M247.7 8C103.6 8 0 124.8 0 256c0 136.3 111.7 248 247.7 248C377.9 504 496 403.1 496 256 496 117 388.4 8 247.7 8zm.6 450.7c-112 0-203.6-92.5-203.6-202.7 0-23.2 3.7-45.2 10.9-66l65.7 29.1h-4.7v29.5h23.3c0 6.2-.4 3.2-.4 19.5h-22.8v29.5h27c11.4 67 67.2 101.3 124.6 101.3 26.6 0 50.6-7.9 64.8-15.8l-10-46.1c-8.7 4.6-28.2 10.8-47.3 10.8-28.2 0-58.1-10.9-67.3-50.2h90.3l128.3 56.8c-1.5 2.1-56.2 104.3-178.8 104.3zm-16.7-190.6l-.5-.4.9.4h-.4zm77.2-19.5h3.7v-29.5h-70.3l-28.6-12.6c2.5-5.5 5.4-10.5 8.8-14.3 12.9-15.8 31.1-22.4 51.1-22.4 18.3 0 35.3 5.4 46.1 10l11.6-47.3c-15-6.6-37-12.4-62.3-12.4-39 0-72.2 15.8-95.9 42.3-5.3 6.1-9.8 12.9-13.9 20.1l-81.6-36.1c64.6-96.8 157.7-93.6 170.7-93.6 113 0 203 90.2 203 203.4 0 18.7-2.1 36.3-6.3 52.9l-136.1-60.5z\"><\/path><\/svg>\t\t\t<\/div>\n\t\t<\/div>\n\t\t\t\t\t\t<\/div>\n\t\t\t\t<div class=\"elementor-element elementor-element-750d141 elementor-widget elementor-widget-text-editor\" data-id=\"750d141\" data-element_type=\"widget\" data-widget_type=\"text-editor.default\">\n\t\t\t\t\t\t\t\t\t<p>100% gratuit<\/p>\t\t\t\t\t\t\t\t<\/div>\n\t\t\t\t<\/div>\n\t\t\t\t\t<\/div>\n\t\t\t\t<\/div>\n\t\t<div class=\"elementor-element elementor-element-e18c8e0 e-flex e-con-boxed e-con e-parent\" data-id=\"e18c8e0\" data-element_type=\"container\" data-settings=\"{&quot;background_background&quot;:&quot;classic&quot;}\">\n\t\t\t\t\t<div class=\"e-con-inner\">\n\t\t<div class=\"elementor-element elementor-element-837b5ea e-con-full e-flex e-con e-child\" data-id=\"837b5ea\" data-element_type=\"container\" data-settings=\"{&quot;background_background&quot;:&quot;classic&quot;}\">\n\t\t\t\t<div class=\"elementor-element elementor-element-831f8fc elementor-widget__width-initial elementor-widget elementor-widget-heading\" data-id=\"831f8fc\" data-element_type=\"widget\" data-widget_type=\"heading.default\">\n\t\t\t\t\t<h2 class=\"elementor-heading-title elementor-size-default\">Ce que vous allez d\u00e9couvrir<\/h2>\t\t\t\t<\/div>\n\t\t\t\t<div class=\"elementor-element elementor-element-71fe890 elementor-widget__width-initial elementor-widget elementor-widget-heading\" data-id=\"71fe890\" data-element_type=\"widget\" data-widget_type=\"heading.default\">\n\t\t\t\t\t<h2 class=\"elementor-heading-title elementor-size-default\">5 astuces expliqu\u00e9es avec des liens pour acc\u00e9der \u00e0 un rituel abordable, investir dans votre bien-\u00eatre ou vous cr\u00e9er un confort premium !<\/h2>\t\t\t\t<\/div>\n\t\t\t\t<\/div>\n\t\t<div class=\"elementor-element elementor-element-23ff784 e-con-full e-flex e-con e-child\" data-id=\"23ff784\" data-element_type=\"container\">\n\t\t\t\t<div class=\"elementor-element elementor-element-6d68b93 elementor-widget elementor-widget-image\" data-id=\"6d68b93\" data-element_type=\"widget\" data-widget_type=\"image.default\">\n\t\t\t\t\t\t\t\t\t\t\t\t\t\t\t<img decoding=\"async\" width=\"800\" height=\"800\" src=\"https:\/\/sommeil-zen.fr\/wp-content\/uploads\/2025\/08\/Mockup-carre-ipad-1024x1024.png\" class=\"attachment-large size-large wp-image-145\" alt=\"\" srcset=\"https:\/\/sommeil-zen.fr\/wp-content\/uploads\/2025\/08\/Mockup-carre-ipad-1024x1024.png 1024w, https:\/\/sommeil-zen.fr\/wp-content\/uploads\/2025\/08\/Mockup-carre-ipad-300x300.webp 300w, https:\/\/sommeil-zen.fr\/wp-content\/uploads\/2025\/08\/Mockup-carre-ipad-150x150.png 150w, https:\/\/sommeil-zen.fr\/wp-content\/uploads\/2025\/08\/Mockup-carre-ipad-768x768.png 768w, https:\/\/sommeil-zen.fr\/wp-content\/uploads\/2025\/08\/Mockup-carre-ipad.webp 1080w\" sizes=\"(max-width: 800px) 100vw, 800px\" \/>\t\t\t\t\t\t\t\t\t\t\t\t\t\t\t<\/div>\n\t\t<div class=\"elementor-element elementor-element-b073abc e-con-full e-flex e-con e-child\" data-id=\"b073abc\" data-element_type=\"container\">\n\t\t\t\t<\/div>\n\t\t\t\t<\/div>\n\t\t\t\t\t<\/div>\n\t\t\t\t<\/div>\n\t\t<div class=\"elementor-element elementor-element-3d6395d e-flex e-con-boxed e-con e-parent\" data-id=\"3d6395d\" data-element_type=\"container\" data-settings=\"{&quot;background_background&quot;:&quot;classic&quot;}\">\n\t\t\t\t\t<div class=\"e-con-inner\">\n\t\t<div class=\"elementor-element elementor-element-f204ba6 e-con-full e-flex e-con e-child\" data-id=\"f204ba6\" data-element_type=\"container\" data-settings=\"{&quot;background_background&quot;:&quot;classic&quot;}\">\n\t\t\t\t<div class=\"elementor-element elementor-element-838b7c9 elementor-widget elementor-widget-spacer\" data-id=\"838b7c9\" data-element_type=\"widget\" data-widget_type=\"spacer.default\">\n\t\t\t\t\t\t\t<div class=\"elementor-spacer\">\n\t\t\t<div class=\"elementor-spacer-inner\"><\/div>\n\t\t<\/div>\n\t\t\t\t\t\t<\/div>\n\t\t\t\t<div class=\"elementor-element elementor-element-9fe6fbd elementor-widget elementor-widget-heading\" data-id=\"9fe6fbd\" data-element_type=\"widget\" data-widget_type=\"heading.default\">\n\t\t\t\t\t<h2 class=\"elementor-heading-title elementor-size-default\"><b>Pr\u00eat.e \u00e0 transformer vos nuits ?<\/b><\/h2>\t\t\t\t<\/div>\n\t\t\t\t<div class=\"elementor-element elementor-element-3d3ff24 elementor-widget elementor-widget-text-editor\" data-id=\"3d3ff24\" data-element_type=\"widget\" data-widget_type=\"text-editor.default\">\n\t\t\t\t\t\t\t\t\t<p>T\u00e9l\u00e9chargez d\u00e8s maintenant votre guide gratuit Sommeil Zen !\u00a0<\/p>\t\t\t\t\t\t\t\t<\/div>\n\t\t\t\t<\/div>\n\t\t\t\t<div class=\"elementor-element elementor-element-259dc47 elementor-align-center elementor-widget__width-inherit elementor-widget elementor-widget-button\" data-id=\"259dc47\" data-element_type=\"widget\" data-widget_type=\"button.default\">\n\t\t\t\t\t\t\t\t\t\t<a class=\"elementor-button elementor-button-link elementor-size-sm\" href=\"https:\/\/sommeil-zen.fr?download=159&#038;tmstv=1756090048\" target=\"_blank\" rel=\"nofollow\">\n\t\t\t\t\t\t<span class=\"elementor-button-content-wrapper\">\n\t\t\t\t\t\t\t\t\t<span class=\"elementor-button-text\">\ud83d\udcf1 T\u00e9l\u00e9charger le guide maintenant<\/span>\n\t\t\t\t\t<\/span>\n\t\t\t\t\t<\/a>\n\t\t\t\t\t\t\t\t<\/div>\n\t\t\t\t<div class=\"elementor-element elementor-element-e26c45c elementor-align-center elementor-widget__width-inherit elementor-widget elementor-widget-button\" data-id=\"e26c45c\" data-element_type=\"widget\" data-widget_type=\"button.default\">\n\t\t\t\t\t\t\t\t\t\t<a class=\"elementor-button elementor-button-link elementor-size-sm\" href=\"https:\/\/sommeil-zen.fr\/wp-content\/uploads\/2025\/08\/Votre_Guide_Sommeil_Zen.pdf\" target=\"_blank\" rel=\"nofollow\">\n\t\t\t\t\t\t<span class=\"elementor-button-content-wrapper\">\n\t\t\t\t\t\t\t\t\t<span class=\"elementor-button-text\">\ud83d\udc49 Lire en ligne<\/span>\n\t\t\t\t\t<\/span>\n\t\t\t\t\t<\/a>\n\t\t\t\t\t\t\t\t<\/div>\n\t\t\t\t\t<\/div>\n\t\t\t\t<\/div>\n\t\t\t\t<\/div>\n\t\t","protected":false},"excerpt":{"rendered":"<p>Sommeil Zen : 5 astuces simples pour mieux dormir d\u00e8s aujourd&#8217;hui \ud83d\udcf1 T\u00e9l\u00e9charger le Guide (PDF) \ud83d\udc49 Lire en ligne Am\u00e9liorez votre sommeil avec des conseils simples, naturels et efficaces. Pourquoi ce guide peut changer vos nuits ? D\u00e9couvrez des m\u00e9thodes \u00e9prouv\u00e9es et faciles \u00e0 adopter pour retrouver un sommeil de qualit\u00e9 d\u00e8s aujourd&#8217;hui.\u00a0 Astuces [&hellip;]<\/p>\n","protected":false},"author":1,"featured_media":0,"parent":0,"menu_order":0,"comment_status":"closed","ping_status":"closed","template":"elementor_canvas","meta":{"footnotes":""},"class_list":["post-2","page","type-page","status-publish","hentry"],"_links":{"self":[{"href":"https:\/\/sommeil-zen.fr\/index.php?rest_route=\/wp\/v2\/pages\/2","targetHints":{"allow":["GET"]}}],"collection":[{"href":"https:\/\/sommeil-zen.fr\/index.php?rest_route=\/wp\/v2\/pages"}],"about":[{"href":"https:\/\/sommeil-zen.fr\/index.php?rest_route=\/wp\/v2\/types\/page"}],"author":[{"embeddable":true,"href":"https:\/\/sommeil-zen.fr\/index.php?rest_route=\/wp\/v2\/users\/1"}],"replies":[{"embeddable":true,"href":"https:\/\/sommeil-zen.fr\/index.php?rest_route=%2Fwp%2Fv2%2Fcomments&post=2"}],"version-history":[{"count":95,"href":"https:\/\/sommeil-zen.fr\/index.php?rest_route=\/wp\/v2\/pages\/2\/revisions"}],"predecessor-version":[{"id":163,"href":"https:\/\/sommeil-zen.fr\/index.php?rest_route=\/wp\/v2\/pages\/2\/revisions\/163"}],"wp:attachment":[{"href":"https:\/\/sommeil-zen.fr\/index.php?rest_route=%2Fwp%2Fv2%2Fmedia&parent=2"}],"curies":[{"name":"wp","href":"https:\/\/api.w.org\/{rel}","templated":true}]}}